    {"id":909,"date":"2022-03-16T06:10:36","date_gmt":"2022-03-16T06:10:36","guid":{"rendered":"https:\/\/boatsforexport.imemsa.com.mx\/?post_type=product&#038;p=909"},"modified":"2025-02-26T18:28:08","modified_gmt":"2025-02-26T18:28:08","slug":"w33","status":"publish","type":"product","link":"https:\/\/boatsforexport.imemsa.com.mx\/en\/product\/w33\/","title":{"rendered":"W33"},"content":{"rendered":"<p>&#8220;La panga W33 es una embarcaci\u00f3n con excelente navegabilidad, estabilidad, resistencia y un sistema de flotabilidad confiable. Fabricada con los mejores materiales que hay del mercado; este dise\u00f1o cuenta con mas de 40 a\u00f1os en M\u00e9xico. Lancha de cubierta abierta con capacidad de carga de 3,398 kgs. que permite la pesca de diferentes especies marinas. Adaptable tambi\u00e9n para transporte de pasajeros y carga industrial.<\/p>\n<p>Todas las embarcaciones de exportaci\u00f3n IMEMSA contienen Fiber &#8211; Reinforced Structural Foam Panel de marca 3A Core Composites en substituci\u00f3n de madera lo cual nos permite aumentar la calidad y vida \u00fatil del producto final.<\/p>\n<p>Tambi\u00e9n adaptable para lancha deportiva y uso tur\u00ed\u00adstico.&#8221;<\/p>","protected":false},"excerpt":{"rendered":"<p>New design with protective gunwale trim. Excellent navigability. Greater stability. Lightweight and resistant hull. Buoyancy system. Manufactured with the best materials on the market and the highest quality standards worldwide. Open deck boat for commercial fishing at sea, with a load capacity of 2,500 kg that allows the fishing of different marine species. Also adaptable for passenger use and industrial cargo transport.<\/p>\n<p>Basic Recommendations: Always wear a life vest. The use of VHF marine radio is recommended. The use of GPS navigation is recommended. Always use the safety cord located by the engine key.<\/p>","protected":false},"featured_media":4651,"comment_status":"open","ping_status":"closed","template":"","meta":{"_acf_changed":false,"_et_pb_use_builder":"on","_et_pb_old_content":"\"La panga W33 es una embarcaci\u00f3n con excelente navegabilidad, estabilidad, resistencia y un sistema de flotabilidad confiable. Fabricada con los mejores materiales que hay del mercado; este dise\u00f1o cuenta con mas de 40 a\u00f1os en M\u00e9xico. Lancha de cubierta abierta con capacidad de carga de 3,398 kgs. que permite la pesca de diferentes especies marinas. Adaptable tambi\u00e9n para transporte de pasajeros y carga industrial.\r\n\r\nTodas las embarcaciones de exportaci\u00f3n IMEMSA contienen Fiber - Reinforced Structural Foam Panel de marca 3A Core Composites en substituci\u00f3n de madera lo cual nos permite aumentar la calidad y vida \u00fatil del producto final.\r\n\r\nTambi\u00e9n adaptable para lancha deportiva y uso tur\u00ed\u00adstico.\"","_et_gb_content_width":"","inline_featured_image":false,"_monsterinsights_skip_tracking":false,"_monsterinsights_sitenote_active":false,"_monsterinsights_sitenote_note":"","_monsterinsights_sitenote_category":0},"product_brand":[],"product_cat":[19],"product_tag":[],"class_list":{"0":"post-909","1":"product","2":"type-product","3":"status-publish","4":"has-post-thumbnail","6":"product_cat-sin-categorizar","8":"first","9":"instock","10":"shipping-taxable","11":"purchasable","12":"product-type-simple"},"acf":[],"yoast_head":"<!-- This site is optimized with the Yoast SEO plugin v21.8 - https:\/\/yoast.com\/wordpress\/plugins\/seo\/ -->\n<title>W33 - Imemsa Boats<\/title>\n<meta name=\"robots\" content=\"index, follow, max-snippet:-1, max-image-preview:large, max-video-preview:-1\" \/>\n<link rel=\"canonical\" href=\"https:\/\/boatsforexport.imemsa.com.mx\/en\/product\/w33\/\" \/>\n<meta property=\"og:locale\" content=\"en_US\" \/>\n<meta property=\"og:type\" content=\"article\" \/>\n<meta property=\"og:title\" content=\"W33 - Imemsa Boats\" \/>\n<meta property=\"og:description\" content=\"New design with protective gunwale trim. Excellent navigability. Greater stability. Lightweight and resistant hull. Buoyancy system. Manufactured with the best materials on the market and the highest quality standards worldwide. Open deck boat for commercial fishing at sea, with a load capacity of 2,500 kg that allows the fishing of different marine species. Also adaptable for passenger use and industrial cargo transport.  Basic Recommendations: Always wear a life vest. The use of VHF marine radio is recommended. The use of GPS navigation is recommended. Always use the safety cord located by the engine key.\" \/>\n<meta property=\"og:url\" content=\"https:\/\/boatsforexport.imemsa.com.mx\/en\/product\/w33\/\" \/>\n<meta property=\"og:site_name\" content=\"Imemsa Boats\" \/>\n<meta property=\"article:modified_time\" content=\"2025-02-26T18:28:08+00:00\" \/>\n<meta property=\"og:image\" content=\"https:\/\/boatsforexport.imemsa.com.mx\/wp-content\/uploads\/2022\/03\/W33-002-DER-1-1.png\" \/>\n\t<meta property=\"og:image:width\" content=\"1500\" \/>\n\t<meta property=\"og:image:height\" content=\"1500\" \/>\n\t<meta property=\"og:image:type\" content=\"image\/png\" \/>\n<meta name=\"twitter:card\" content=\"summary_large_image\" \/>\n<script type=\"application\/ld+json\" class=\"yoast-schema-graph\">{\"@context\":\"https:\/\/schema.org\",\"@graph\":[{\"@type\":\"WebPage\",\"@id\":\"https:\/\/boatsforexport.imemsa.com.mx\/producto\/w33\/\",\"url\":\"https:\/\/boatsforexport.imemsa.com.mx\/producto\/w33\/\",\"name\":\"W33 - Imemsa Boats\",\"isPartOf\":{\"@id\":\"https:\/\/boatsforexport.imemsa.com.mx\/en\/#website\"},\"datePublished\":\"2022-03-16T06:10:36+00:00\",\"dateModified\":\"2025-02-26T18:28:08+00:00\",\"breadcrumb\":{\"@id\":\"https:\/\/boatsforexport.imemsa.com.mx\/producto\/w33\/#breadcrumb\"},\"inLanguage\":\"en-US\",\"potentialAction\":[{\"@type\":\"ReadAction\",\"target\":[\"https:\/\/boatsforexport.imemsa.com.mx\/producto\/w33\/\"]}]},{\"@type\":\"BreadcrumbList\",\"@id\":\"https:\/\/boatsforexport.imemsa.com.mx\/producto\/w33\/#breadcrumb\",\"itemListElement\":[{\"@type\":\"ListItem\",\"position\":1,\"name\":\"Home\",\"item\":\"https:\/\/boatsforexport.imemsa.com.mx\/\"},{\"@type\":\"ListItem\",\"position\":2,\"name\":\"Tienda\",\"item\":\"https:\/\/boatsforexport.imemsa.com.mx\/tienda\/\"},{\"@type\":\"ListItem\",\"position\":3,\"name\":\"W33\"}]},{\"@type\":\"WebSite\",\"@id\":\"https:\/\/boatsforexport.imemsa.com.mx\/en\/#website\",\"url\":\"https:\/\/boatsforexport.imemsa.com.mx\/en\/\",\"name\":\"Imemsa Boats\",\"description\":\"International boats\",\"potentialAction\":[{\"@type\":\"SearchAction\",\"target\":{\"@type\":\"EntryPoint\",\"urlTemplate\":\"https:\/\/boatsforexport.imemsa.com.mx\/en\/?s={search_term_string}\"},\"query-input\":\"required name=search_term_string\"}],\"inLanguage\":\"en-US\"}]}<\/script>\n<!-- \/ Yoast SEO plugin. -->","yoast_head_json":{"title":"W33 - Imemsa Boats","robots":{"index":"index","follow":"follow","max-snippet":"max-snippet:-1","max-image-preview":"max-image-preview:large","max-video-preview":"max-video-preview:-1"},"canonical":"https:\/\/boatsforexport.imemsa.com.mx\/en\/product\/w33\/","og_locale":"en_US","og_type":"article","og_title":"W33 - Imemsa Boats","og_description":"New design with protective gunwale trim. Excellent navigability. Greater stability. Lightweight and resistant hull. Buoyancy system. Manufactured with the best materials on the market and the highest quality standards worldwide. Open deck boat for commercial fishing at sea, with a load capacity of 2,500 kg that allows the fishing of different marine species. Also adaptable for passenger use and industrial cargo transport.  Basic Recommendations: Always wear a life vest. The use of VHF marine radio is recommended. The use of GPS navigation is recommended. Always use the safety cord located by the engine key.","og_url":"https:\/\/boatsforexport.imemsa.com.mx\/en\/product\/w33\/","og_site_name":"Imemsa Boats","article_modified_time":"2025-02-26T18:28:08+00:00","og_image":[{"width":1500,"height":1500,"url":"https:\/\/boatsforexport.imemsa.com.mx\/wp-content\/uploads\/2022\/03\/W33-002-DER-1-1.png","type":"image\/png"}],"twitter_card":"summary_large_image","schema":{"@context":"https:\/\/schema.org","@graph":[{"@type":"WebPage","@id":"https:\/\/boatsforexport.imemsa.com.mx\/producto\/w33\/","url":"https:\/\/boatsforexport.imemsa.com.mx\/producto\/w33\/","name":"W33 - Imemsa Boats","isPartOf":{"@id":"https:\/\/boatsforexport.imemsa.com.mx\/en\/#website"},"datePublished":"2022-03-16T06:10:36+00:00","dateModified":"2025-02-26T18:28:08+00:00","breadcrumb":{"@id":"https:\/\/boatsforexport.imemsa.com.mx\/producto\/w33\/#breadcrumb"},"inLanguage":"en-US","potentialAction":[{"@type":"ReadAction","target":["https:\/\/boatsforexport.imemsa.com.mx\/producto\/w33\/"]}]},{"@type":"BreadcrumbList","@id":"https:\/\/boatsforexport.imemsa.com.mx\/producto\/w33\/#breadcrumb","itemListElement":[{"@type":"ListItem","position":1,"name":"Home","item":"https:\/\/boatsforexport.imemsa.com.mx\/"},{"@type":"ListItem","position":2,"name":"Tienda","item":"https:\/\/boatsforexport.imemsa.com.mx\/tienda\/"},{"@type":"ListItem","position":3,"name":"W33"}]},{"@type":"WebSite","@id":"https:\/\/boatsforexport.imemsa.com.mx\/en\/#website","url":"https:\/\/boatsforexport.imemsa.com.mx\/en\/","name":"Imemsa Boats","description":"International boats","potentialAction":[{"@type":"SearchAction","target":{"@type":"EntryPoint","urlTemplate":"https:\/\/boatsforexport.imemsa.com.mx\/en\/?s={search_term_string}"},"query-input":"required name=search_term_string"}],"inLanguage":"en-US"}]}},"_links":{"self":[{"href":"https:\/\/boatsforexport.imemsa.com.mx\/en\/wp-json\/wp\/v2\/product\/909","targetHints":{"allow":["GET"]}}],"collection":[{"href":"https:\/\/boatsforexport.imemsa.com.mx\/en\/wp-json\/wp\/v2\/product"}],"about":[{"href":"https:\/\/boatsforexport.imemsa.com.mx\/en\/wp-json\/wp\/v2\/types\/product"}],"replies":[{"embeddable":true,"href":"https:\/\/boatsforexport.imemsa.com.mx\/en\/wp-json\/wp\/v2\/comments?post=909"}],"wp:featuredmedia":[{"embeddable":true,"href":"https:\/\/boatsforexport.imemsa.com.mx\/en\/wp-json\/wp\/v2\/media\/4651"}],"wp:attachment":[{"href":"https:\/\/boatsforexport.imemsa.com.mx\/en\/wp-json\/wp\/v2\/media?parent=909"}],"wp:term":[{"taxonomy":"product_brand","embeddable":true,"href":"https:\/\/boatsforexport.imemsa.com.mx\/en\/wp-json\/wp\/v2\/product_brand?post=909"},{"taxonomy":"product_cat","embeddable":true,"href":"https:\/\/boatsforexport.imemsa.com.mx\/en\/wp-json\/wp\/v2\/product_cat?post=909"},{"taxonomy":"product_tag","embeddable":true,"href":"https:\/\/boatsforexport.imemsa.com.mx\/en\/wp-json\/wp\/v2\/product_tag?post=909"}],"curies":[{"name":"wp","href":"https:\/\/api.w.org\/{rel}","templated":true}]}}