    {"id":893,"date":"2022-09-16T19:00:13","date_gmt":"2022-09-16T19:00:13","guid":{"rendered":"https:\/\/boatsforexport.imemsa.com.mx\/?post_type=product&#038;p=893"},"modified":"2025-02-26T18:33:24","modified_gmt":"2025-02-26T18:33:24","slug":"w25ba","status":"publish","type":"product","link":"https:\/\/boatsforexport.imemsa.com.mx\/en\/product\/w25ba\/","title":{"rendered":"W25BA"},"content":{"rendered":"<p>[et_pb_section fb_built=&#8221;1&#8243; _builder_version=&#8221;4.16&#8243; custom_padding=&#8221;0px||||false|false&#8221; global_colors_info=&#8221;{}&#8221;][et_pb_row _builder_version=&#8221;4.16&#8243; background_size=&#8221;initial&#8221; background_position=&#8221;top_left&#8221; background_repeat=&#8221;repeat&#8221; width=&#8221;100%&#8221; custom_padding=&#8221;0px||0px||false|false&#8221; global_colors_info=&#8221;{}&#8221;][et_pb_column type=&#8221;4_4&#8243; _builder_version=&#8221;4.16&#8243; custom_padding=&#8221;|||&#8221; global_colors_info=&#8221;{}&#8221; custom_padding__hover=&#8221;|||&#8221;][et_pb_wc_breadcrumb _builder_version=&#8221;4.16&#8243; global_colors_info=&#8221;{}&#8221;][\/et_pb_wc_breadcrumb][et_pb_wc_cart_notice _builder_version=&#8221;4.16&#8243; global_colors_info=&#8221;{}&#8221;][\/et_pb_wc_cart_notice][\/et_pb_column][\/et_pb_row][et_pb_row column_structure=&#8221;1_2,1_2&#8243; _builder_version=&#8221;4.16&#8243; background_size=&#8221;initial&#8221; background_position=&#8221;top_left&#8221; background_repeat=&#8221;repeat&#8221; width=&#8221;100%&#8221; custom_padding=&#8221;0px||||false|false&#8221; global_colors_info=&#8221;{}&#8221;][et_pb_column type=&#8221;1_2&#8243; _builder_version=&#8221;4.16&#8243; custom_padding=&#8221;|||&#8221; global_colors_info=&#8221;{}&#8221; custom_padding__hover=&#8221;|||&#8221;][et_pb_wc_images _builder_version=&#8221;4.16&#8243; global_colors_info=&#8221;{}&#8221;][\/et_pb_wc_images][\/et_pb_column][et_pb_column type=&#8221;1_2&#8243; _builder_version=&#8221;4.16&#8243; custom_padding=&#8221;|||&#8221; global_colors_info=&#8221;{}&#8221; custom_padding__hover=&#8221;|||&#8221;][et_pb_wc_title _builder_version=&#8221;4.16&#8243; global_colors_info=&#8221;{}&#8221;][\/et_pb_wc_title][et_pb_wc_rating _builder_version=&#8221;4.16&#8243; global_colors_info=&#8221;{}&#8221;][\/et_pb_wc_rating][et_pb_wc_price _builder_version=&#8221;4.16&#8243; global_colors_info=&#8221;{}&#8221;][\/et_pb_wc_price][et_pb_wc_description _builder_version=&#8221;4.16&#8243; global_colors_info=&#8221;{}&#8221;][\/et_pb_wc_description][et_pb_wc_add_to_cart _builder_version=&#8221;4.16&#8243; global_colors_info=&#8221;{}&#8221;][\/et_pb_wc_add_to_cart][et_pb_wc_meta _builder_version=&#8221;4.16&#8243; global_colors_info=&#8221;{}&#8221;][\/et_pb_wc_meta][\/et_pb_column][\/et_pb_row][et_pb_row _builder_version=&#8221;4.16&#8243; background_size=&#8221;initial&#8221; background_position=&#8221;top_left&#8221; background_repeat=&#8221;repeat&#8221; width=&#8221;100%&#8221; global_colors_info=&#8221;{}&#8221;][et_pb_column type=&#8221;4_4&#8243; _builder_version=&#8221;4.16&#8243; custom_padding=&#8221;|||&#8221; global_colors_info=&#8221;{}&#8221; custom_padding__hover=&#8221;|||&#8221;][et_pb_wc_tabs _builder_version=&#8221;4.16&#8243; global_colors_info=&#8221;{}&#8221;]\t\t\t\t\t[\/et_pb_wc_tabs][et_pb_wc_upsells columns_number=&#8221;3&#8243; _builder_version=&#8221;4.16&#8243; global_colors_info=&#8221;{}&#8221;][\/et_pb_wc_upsells][et_pb_wc_related_products columns_number=&#8221;3&#8243; _builder_version=&#8221;4.16&#8243; global_colors_info=&#8221;{}&#8221;][\/et_pb_wc_related_products][\/et_pb_column][\/et_pb_row][\/et_pb_section]<\/p>\n","protected":false},"excerpt":{"rendered":"<p>New design with protective gunwale trim. Excellent navigability. Greater stability. Lightweight and resistant hull. Buoyancy system. Manufactured with the best materials on the market and the highest quality standards worldwide. Recommended for commercial fishing in rivers and bays. Design proven through more than 20 years of use in Mexico. Hull can be adapted for sport boating and tourism use.<\/p>\n<p>Basic Recommendations: Always wear a life vest. The use of VHF marine radio is recommended. The use of GPS navigation is recommended. Always use the safety cord located by the engine key.<\/p>","protected":false},"featured_media":5593,"comment_status":"open","ping_status":"closed","template":"","meta":{"_acf_changed":false,"_et_pb_use_builder":"on","_et_pb_old_content":"\"La panga W25BA es una embarcaci\u00f3n con excelente navegabilidad, estabilidad, resistencia y un sistema de flotabilidad confiable, adem\u00e1s cuenta con Borda Alta que brinda mayor confianza en las marejadas. Fabricada con los mejores materiales que hay del mercado; este dise\u00f1oo cuenta con mas de 40 a\u00f1os en M\u00e9xico.\r\n\r\nTodas las embarcaciones de exportaci\u00f3n IMEMSA contienen Fiber - Reinforced Structural Foam Panel de marca 3A Core Composites en substituci\u00f3n de madera lo cual nos permite aumentar la calidad y vida \u00fatil del producto final.\r\n\r\nTambi\u00e9n adaptable para lancha deportiva y uso tur\u00ed\u00adstico.\"","_et_gb_content_width":"","inline_featured_image":false,"_monsterinsights_skip_tracking":false,"_monsterinsights_sitenote_active":false,"_monsterinsights_sitenote_note":"","_monsterinsights_sitenote_category":0},"product_brand":[],"product_cat":[19],"product_tag":[],"class_list":{"0":"post-893","1":"product","2":"type-product","3":"status-publish","4":"has-post-thumbnail","6":"product_cat-sin-categorizar","8":"first","9":"instock","10":"shipping-taxable","11":"purchasable","12":"product-type-simple"},"acf":[],"yoast_head":"<!-- This site is optimized with the Yoast SEO plugin v21.8 - https:\/\/yoast.com\/wordpress\/plugins\/seo\/ -->\n<title>W25BA - Imemsa Boats<\/title>\n<meta name=\"robots\" content=\"index, follow, max-snippet:-1, max-image-preview:large, max-video-preview:-1\" \/>\n<link rel=\"canonical\" href=\"https:\/\/boatsforexport.imemsa.com.mx\/en\/product\/w25ba\/\" \/>\n<meta property=\"og:locale\" content=\"en_US\" \/>\n<meta property=\"og:type\" content=\"article\" \/>\n<meta property=\"og:title\" content=\"W25BA - Imemsa Boats\" \/>\n<meta property=\"og:description\" content=\"New design with protective gunwale trim. Excellent navigability. Greater stability. Lightweight and resistant hull. Buoyancy system. Manufactured with the best materials on the market and the highest quality standards worldwide. Recommended for commercial fishing in rivers and bays. Design proven through more than 20 years of use in Mexico. Hull can be adapted for sport boating and tourism use.  Basic Recommendations: Always wear a life vest. The use of VHF marine radio is recommended. The use of GPS navigation is recommended. Always use the safety cord located by the engine key.\" \/>\n<meta property=\"og:url\" content=\"https:\/\/boatsforexport.imemsa.com.mx\/en\/product\/w25ba\/\" \/>\n<meta property=\"og:site_name\" content=\"Imemsa Boats\" \/>\n<meta property=\"article:modified_time\" content=\"2025-02-26T18:33:24+00:00\" \/>\n<meta property=\"og:image\" content=\"https:\/\/boatsforexport.imemsa.com.mx\/wp-content\/uploads\/2022\/09\/W25-BA-002-DER-1-1.png\" \/>\n\t<meta property=\"og:image:width\" content=\"1500\" \/>\n\t<meta property=\"og:image:height\" content=\"1500\" \/>\n\t<meta property=\"og:image:type\" content=\"image\/png\" \/>\n<meta name=\"twitter:card\" content=\"summary_large_image\" \/>\n<script type=\"application\/ld+json\" class=\"yoast-schema-graph\">{\"@context\":\"https:\/\/schema.org\",\"@graph\":[{\"@type\":\"WebPage\",\"@id\":\"https:\/\/boatsforexport.imemsa.com.mx\/producto\/w25ba\/\",\"url\":\"https:\/\/boatsforexport.imemsa.com.mx\/producto\/w25ba\/\",\"name\":\"W25BA - Imemsa Boats\",\"isPartOf\":{\"@id\":\"https:\/\/boatsforexport.imemsa.com.mx\/en\/#website\"},\"datePublished\":\"2022-09-16T19:00:13+00:00\",\"dateModified\":\"2025-02-26T18:33:24+00:00\",\"breadcrumb\":{\"@id\":\"https:\/\/boatsforexport.imemsa.com.mx\/producto\/w25ba\/#breadcrumb\"},\"inLanguage\":\"en-US\",\"potentialAction\":[{\"@type\":\"ReadAction\",\"target\":[\"https:\/\/boatsforexport.imemsa.com.mx\/producto\/w25ba\/\"]}]},{\"@type\":\"BreadcrumbList\",\"@id\":\"https:\/\/boatsforexport.imemsa.com.mx\/producto\/w25ba\/#breadcrumb\",\"itemListElement\":[{\"@type\":\"ListItem\",\"position\":1,\"name\":\"Home\",\"item\":\"https:\/\/boatsforexport.imemsa.com.mx\/\"},{\"@type\":\"ListItem\",\"position\":2,\"name\":\"Tienda\",\"item\":\"https:\/\/boatsforexport.imemsa.com.mx\/tienda\/\"},{\"@type\":\"ListItem\",\"position\":3,\"name\":\"W25BA\"}]},{\"@type\":\"WebSite\",\"@id\":\"https:\/\/boatsforexport.imemsa.com.mx\/en\/#website\",\"url\":\"https:\/\/boatsforexport.imemsa.com.mx\/en\/\",\"name\":\"Imemsa Boats\",\"description\":\"International boats\",\"potentialAction\":[{\"@type\":\"SearchAction\",\"target\":{\"@type\":\"EntryPoint\",\"urlTemplate\":\"https:\/\/boatsforexport.imemsa.com.mx\/en\/?s={search_term_string}\"},\"query-input\":\"required name=search_term_string\"}],\"inLanguage\":\"en-US\"}]}<\/script>\n<!-- \/ Yoast SEO plugin. -->","yoast_head_json":{"title":"W25BA - Imemsa Boats","robots":{"index":"index","follow":"follow","max-snippet":"max-snippet:-1","max-image-preview":"max-image-preview:large","max-video-preview":"max-video-preview:-1"},"canonical":"https:\/\/boatsforexport.imemsa.com.mx\/en\/product\/w25ba\/","og_locale":"en_US","og_type":"article","og_title":"W25BA - Imemsa Boats","og_description":"New design with protective gunwale trim. Excellent navigability. Greater stability. Lightweight and resistant hull. Buoyancy system. Manufactured with the best materials on the market and the highest quality standards worldwide. Recommended for commercial fishing in rivers and bays. Design proven through more than 20 years of use in Mexico. Hull can be adapted for sport boating and tourism use.  Basic Recommendations: Always wear a life vest. The use of VHF marine radio is recommended. The use of GPS navigation is recommended. Always use the safety cord located by the engine key.","og_url":"https:\/\/boatsforexport.imemsa.com.mx\/en\/product\/w25ba\/","og_site_name":"Imemsa Boats","article_modified_time":"2025-02-26T18:33:24+00:00","og_image":[{"width":1500,"height":1500,"url":"https:\/\/boatsforexport.imemsa.com.mx\/wp-content\/uploads\/2022\/09\/W25-BA-002-DER-1-1.png","type":"image\/png"}],"twitter_card":"summary_large_image","schema":{"@context":"https:\/\/schema.org","@graph":[{"@type":"WebPage","@id":"https:\/\/boatsforexport.imemsa.com.mx\/producto\/w25ba\/","url":"https:\/\/boatsforexport.imemsa.com.mx\/producto\/w25ba\/","name":"W25BA - Imemsa Boats","isPartOf":{"@id":"https:\/\/boatsforexport.imemsa.com.mx\/en\/#website"},"datePublished":"2022-09-16T19:00:13+00:00","dateModified":"2025-02-26T18:33:24+00:00","breadcrumb":{"@id":"https:\/\/boatsforexport.imemsa.com.mx\/producto\/w25ba\/#breadcrumb"},"inLanguage":"en-US","potentialAction":[{"@type":"ReadAction","target":["https:\/\/boatsforexport.imemsa.com.mx\/producto\/w25ba\/"]}]},{"@type":"BreadcrumbList","@id":"https:\/\/boatsforexport.imemsa.com.mx\/producto\/w25ba\/#breadcrumb","itemListElement":[{"@type":"ListItem","position":1,"name":"Home","item":"https:\/\/boatsforexport.imemsa.com.mx\/"},{"@type":"ListItem","position":2,"name":"Tienda","item":"https:\/\/boatsforexport.imemsa.com.mx\/tienda\/"},{"@type":"ListItem","position":3,"name":"W25BA"}]},{"@type":"WebSite","@id":"https:\/\/boatsforexport.imemsa.com.mx\/en\/#website","url":"https:\/\/boatsforexport.imemsa.com.mx\/en\/","name":"Imemsa Boats","description":"International boats","potentialAction":[{"@type":"SearchAction","target":{"@type":"EntryPoint","urlTemplate":"https:\/\/boatsforexport.imemsa.com.mx\/en\/?s={search_term_string}"},"query-input":"required name=search_term_string"}],"inLanguage":"en-US"}]}},"_links":{"self":[{"href":"https:\/\/boatsforexport.imemsa.com.mx\/en\/wp-json\/wp\/v2\/product\/893","targetHints":{"allow":["GET"]}}],"collection":[{"href":"https:\/\/boatsforexport.imemsa.com.mx\/en\/wp-json\/wp\/v2\/product"}],"about":[{"href":"https:\/\/boatsforexport.imemsa.com.mx\/en\/wp-json\/wp\/v2\/types\/product"}],"replies":[{"embeddable":true,"href":"https:\/\/boatsforexport.imemsa.com.mx\/en\/wp-json\/wp\/v2\/comments?post=893"}],"wp:featuredmedia":[{"embeddable":true,"href":"https:\/\/boatsforexport.imemsa.com.mx\/en\/wp-json\/wp\/v2\/media\/5593"}],"wp:attachment":[{"href":"https:\/\/boatsforexport.imemsa.com.mx\/en\/wp-json\/wp\/v2\/media?parent=893"}],"wp:term":[{"taxonomy":"product_brand","embeddable":true,"href":"https:\/\/boatsforexport.imemsa.com.mx\/en\/wp-json\/wp\/v2\/product_brand?post=893"},{"taxonomy":"product_cat","embeddable":true,"href":"https:\/\/boatsforexport.imemsa.com.mx\/en\/wp-json\/wp\/v2\/product_cat?post=893"},{"taxonomy":"product_tag","embeddable":true,"href":"https:\/\/boatsforexport.imemsa.com.mx\/en\/wp-json\/wp\/v2\/product_tag?post=893"}],"curies":[{"name":"wp","href":"https:\/\/api.w.org\/{rel}","templated":true}]}}