    {"id":4572,"date":"2022-09-09T06:37:55","date_gmt":"2022-09-09T06:37:55","guid":{"rendered":"https:\/\/boatsforexport.imemsa.com.mx\/?post_type=product&#038;p=4572"},"modified":"2025-02-26T18:32:17","modified_gmt":"2025-02-26T18:32:17","slug":"w267","status":"publish","type":"product","link":"https:\/\/boatsforexport.imemsa.com.mx\/en\/product\/w267\/","title":{"rendered":"W267"},"content":{"rendered":"<p>&#8220;La panga W267 es una embarcaci\u00f3n con excelente navegabilidad, estabilidad, resistencia y un sistema de flotabilidad confiable, adem\u00e1s cuenta con Borda Alta que brinda mayor confianza en las marejadas. Fabricada con los mejores materiales que hay del mercado.<\/p>\n<p>Todas las embarcaciones de exportaci\u00f3n IMEMSA contienen Fiber &#8211; Reinforced Structural Foam Panel de marca 3A Core Composites en substituci\u00f3n de madera lo cual nos permite aumentar la calidad y vida \u00fatil del producto final.<\/p>\n<p>Tambi\u00e9n adaptable para lancha deportiva y uso tur\u00edstico.&#8221;<\/p>","protected":false},"excerpt":{"rendered":"<p>New design with protective gunwale trim. Excellent navigability. Greater stability. Lightweight and resistant hull. Buoyancy system. Manufactured with the best materials on the market and the highest quality standards worldwide. Recommended for commercial fishing in rivers and bays. Design proven through more than 20 years of use in Mexico. Hull can be adapted for sport boating and tourism use.<\/p>\n<p>Basic Recommendations: Always wear a life vest. The use of VHF marine radio is recommended. The use of GPS navigation is recommended. Always use the safety cord located by the engine key.<\/p>","protected":false},"featured_media":4748,"comment_status":"open","ping_status":"closed","template":"","meta":{"_acf_changed":false,"_et_pb_use_builder":"off","_et_pb_old_content":"\"La panga W267 es una embarcaci\u00c3\u00b3n con excelente navegabilidad, estabilidad, resistencia y un sistema de flotabilidad confiable, adem\u00c3\u00a1s cuenta con Borda Alta que brinda mayor confianza en las marejadas. Fabricada con los mejores materiales que hay del mercado.\r\n\r\nTodas las embarcaciones de exportaci\u00c3\u00b3n IMEMSA contienen Fiber \u00e2\u20ac\u201c Reinforced Structural Foam Panel de marca 3A Core Composites en substituci\u00c3\u00b3n de madera lo cual nos permite aumentar la calidad y vida \u00c3\u00batil del producto final.\r\n\r\nTambi\u00c3\u00a9n adaptable para lancha deportiva y uso tur\u00c3\u00adstico.\"\r\n\r\n","_et_gb_content_width":"","inline_featured_image":false,"_monsterinsights_skip_tracking":false,"_monsterinsights_sitenote_active":false,"_monsterinsights_sitenote_note":"","_monsterinsights_sitenote_category":0},"product_brand":[],"product_cat":[19],"product_tag":[],"class_list":{"0":"post-4572","1":"product","2":"type-product","3":"status-publish","4":"has-post-thumbnail","6":"product_cat-sin-categorizar","8":"first","9":"instock","10":"shipping-taxable","11":"product-type-simple"},"acf":[],"yoast_head":"<!-- This site is optimized with the Yoast SEO plugin v21.8 - https:\/\/yoast.com\/wordpress\/plugins\/seo\/ -->\n<title>W267 - Imemsa Boats<\/title>\n<meta name=\"robots\" content=\"index, follow, max-snippet:-1, max-image-preview:large, max-video-preview:-1\" \/>\n<link rel=\"canonical\" href=\"https:\/\/boatsforexport.imemsa.com.mx\/en\/product\/w267\/\" \/>\n<meta property=\"og:locale\" content=\"en_US\" \/>\n<meta property=\"og:type\" content=\"article\" \/>\n<meta property=\"og:title\" content=\"W267 - Imemsa Boats\" \/>\n<meta property=\"og:description\" content=\"New design with protective gunwale trim. Excellent navigability. Greater stability. Lightweight and resistant hull. Buoyancy system. Manufactured with the best materials on the market and the highest quality standards worldwide. Recommended for commercial fishing in rivers and bays. Design proven through more than 20 years of use in Mexico. Hull can be adapted for sport boating and tourism use.  Basic Recommendations: Always wear a life vest. The use of VHF marine radio is recommended. The use of GPS navigation is recommended. Always use the safety cord located by the engine key.\" \/>\n<meta property=\"og:url\" content=\"https:\/\/boatsforexport.imemsa.com.mx\/en\/product\/w267\/\" \/>\n<meta property=\"og:site_name\" content=\"Imemsa Boats\" \/>\n<meta property=\"article:modified_time\" content=\"2025-02-26T18:32:17+00:00\" \/>\n<meta property=\"og:image\" content=\"https:\/\/boatsforexport.imemsa.com.mx\/wp-content\/uploads\/2022\/09\/Frame-1.png\" \/>\n\t<meta property=\"og:image:width\" content=\"1500\" \/>\n\t<meta property=\"og:image:height\" content=\"1500\" \/>\n\t<meta property=\"og:image:type\" content=\"image\/png\" \/>\n<meta name=\"twitter:card\" content=\"summary_large_image\" \/>\n<script type=\"application\/ld+json\" class=\"yoast-schema-graph\">{\"@context\":\"https:\/\/schema.org\",\"@graph\":[{\"@type\":\"WebPage\",\"@id\":\"https:\/\/boatsforexport.imemsa.com.mx\/producto\/w267\/\",\"url\":\"https:\/\/boatsforexport.imemsa.com.mx\/producto\/w267\/\",\"name\":\"W267 - Imemsa Boats\",\"isPartOf\":{\"@id\":\"https:\/\/boatsforexport.imemsa.com.mx\/en\/#website\"},\"datePublished\":\"2022-09-09T06:37:55+00:00\",\"dateModified\":\"2025-02-26T18:32:17+00:00\",\"breadcrumb\":{\"@id\":\"https:\/\/boatsforexport.imemsa.com.mx\/producto\/w267\/#breadcrumb\"},\"inLanguage\":\"en-US\",\"potentialAction\":[{\"@type\":\"ReadAction\",\"target\":[\"https:\/\/boatsforexport.imemsa.com.mx\/producto\/w267\/\"]}]},{\"@type\":\"BreadcrumbList\",\"@id\":\"https:\/\/boatsforexport.imemsa.com.mx\/producto\/w267\/#breadcrumb\",\"itemListElement\":[{\"@type\":\"ListItem\",\"position\":1,\"name\":\"Home\",\"item\":\"https:\/\/boatsforexport.imemsa.com.mx\/\"},{\"@type\":\"ListItem\",\"position\":2,\"name\":\"Tienda\",\"item\":\"https:\/\/boatsforexport.imemsa.com.mx\/tienda\/\"},{\"@type\":\"ListItem\",\"position\":3,\"name\":\"W267\"}]},{\"@type\":\"WebSite\",\"@id\":\"https:\/\/boatsforexport.imemsa.com.mx\/en\/#website\",\"url\":\"https:\/\/boatsforexport.imemsa.com.mx\/en\/\",\"name\":\"Imemsa Boats\",\"description\":\"International boats\",\"potentialAction\":[{\"@type\":\"SearchAction\",\"target\":{\"@type\":\"EntryPoint\",\"urlTemplate\":\"https:\/\/boatsforexport.imemsa.com.mx\/en\/?s={search_term_string}\"},\"query-input\":\"required name=search_term_string\"}],\"inLanguage\":\"en-US\"}]}<\/script>\n<!-- \/ Yoast SEO plugin. -->","yoast_head_json":{"title":"W267 - Imemsa Boats","robots":{"index":"index","follow":"follow","max-snippet":"max-snippet:-1","max-image-preview":"max-image-preview:large","max-video-preview":"max-video-preview:-1"},"canonical":"https:\/\/boatsforexport.imemsa.com.mx\/en\/product\/w267\/","og_locale":"en_US","og_type":"article","og_title":"W267 - Imemsa Boats","og_description":"New design with protective gunwale trim. Excellent navigability. Greater stability. Lightweight and resistant hull. Buoyancy system. Manufactured with the best materials on the market and the highest quality standards worldwide. Recommended for commercial fishing in rivers and bays. Design proven through more than 20 years of use in Mexico. Hull can be adapted for sport boating and tourism use.  Basic Recommendations: Always wear a life vest. The use of VHF marine radio is recommended. The use of GPS navigation is recommended. Always use the safety cord located by the engine key.","og_url":"https:\/\/boatsforexport.imemsa.com.mx\/en\/product\/w267\/","og_site_name":"Imemsa Boats","article_modified_time":"2025-02-26T18:32:17+00:00","og_image":[{"width":1500,"height":1500,"url":"https:\/\/boatsforexport.imemsa.com.mx\/wp-content\/uploads\/2022\/09\/Frame-1.png","type":"image\/png"}],"twitter_card":"summary_large_image","schema":{"@context":"https:\/\/schema.org","@graph":[{"@type":"WebPage","@id":"https:\/\/boatsforexport.imemsa.com.mx\/producto\/w267\/","url":"https:\/\/boatsforexport.imemsa.com.mx\/producto\/w267\/","name":"W267 - Imemsa Boats","isPartOf":{"@id":"https:\/\/boatsforexport.imemsa.com.mx\/en\/#website"},"datePublished":"2022-09-09T06:37:55+00:00","dateModified":"2025-02-26T18:32:17+00:00","breadcrumb":{"@id":"https:\/\/boatsforexport.imemsa.com.mx\/producto\/w267\/#breadcrumb"},"inLanguage":"en-US","potentialAction":[{"@type":"ReadAction","target":["https:\/\/boatsforexport.imemsa.com.mx\/producto\/w267\/"]}]},{"@type":"BreadcrumbList","@id":"https:\/\/boatsforexport.imemsa.com.mx\/producto\/w267\/#breadcrumb","itemListElement":[{"@type":"ListItem","position":1,"name":"Home","item":"https:\/\/boatsforexport.imemsa.com.mx\/"},{"@type":"ListItem","position":2,"name":"Tienda","item":"https:\/\/boatsforexport.imemsa.com.mx\/tienda\/"},{"@type":"ListItem","position":3,"name":"W267"}]},{"@type":"WebSite","@id":"https:\/\/boatsforexport.imemsa.com.mx\/en\/#website","url":"https:\/\/boatsforexport.imemsa.com.mx\/en\/","name":"Imemsa Boats","description":"International boats","potentialAction":[{"@type":"SearchAction","target":{"@type":"EntryPoint","urlTemplate":"https:\/\/boatsforexport.imemsa.com.mx\/en\/?s={search_term_string}"},"query-input":"required name=search_term_string"}],"inLanguage":"en-US"}]}},"_links":{"self":[{"href":"https:\/\/boatsforexport.imemsa.com.mx\/en\/wp-json\/wp\/v2\/product\/4572","targetHints":{"allow":["GET"]}}],"collection":[{"href":"https:\/\/boatsforexport.imemsa.com.mx\/en\/wp-json\/wp\/v2\/product"}],"about":[{"href":"https:\/\/boatsforexport.imemsa.com.mx\/en\/wp-json\/wp\/v2\/types\/product"}],"replies":[{"embeddable":true,"href":"https:\/\/boatsforexport.imemsa.com.mx\/en\/wp-json\/wp\/v2\/comments?post=4572"}],"wp:featuredmedia":[{"embeddable":true,"href":"https:\/\/boatsforexport.imemsa.com.mx\/en\/wp-json\/wp\/v2\/media\/4748"}],"wp:attachment":[{"href":"https:\/\/boatsforexport.imemsa.com.mx\/en\/wp-json\/wp\/v2\/media?parent=4572"}],"wp:term":[{"taxonomy":"product_brand","embeddable":true,"href":"https:\/\/boatsforexport.imemsa.com.mx\/en\/wp-json\/wp\/v2\/product_brand?post=4572"},{"taxonomy":"product_cat","embeddable":true,"href":"https:\/\/boatsforexport.imemsa.com.mx\/en\/wp-json\/wp\/v2\/product_cat?post=4572"},{"taxonomy":"product_tag","embeddable":true,"href":"https:\/\/boatsforexport.imemsa.com.mx\/en\/wp-json\/wp\/v2\/product_tag?post=4572"}],"curies":[{"name":"wp","href":"https:\/\/api.w.org\/{rel}","templated":true}]}}