    {"id":7166,"date":"2024-05-10T05:54:18","date_gmt":"2024-05-10T05:54:18","guid":{"rendered":"https:\/\/boatsforexport.imemsa.com.mx\/?page_id=7166"},"modified":"2025-02-07T20:11:24","modified_gmt":"2025-02-07T20:11:24","slug":"thank-you-page-im22","status":"publish","type":"page","link":"https:\/\/boatsforexport.imemsa.com.mx\/en\/thank-you-page-im22\/","title":{"rendered":"Thank you Page IM22"},"content":{"rendered":"<p>[et_pb_section fb_built=&#8221;1&#8243; _builder_version=&#8221;4.21.0&#8243; _module_preset=&#8221;default&#8221; background_enable_color=&#8221;off&#8221; global_colors_info=&#8221;{}&#8221;][et_pb_row _builder_version=&#8221;4.21.0&#8243; _module_preset=&#8221;default&#8221; global_colors_info=&#8221;{}&#8221;][et_pb_column type=&#8221;4_4&#8243; _builder_version=&#8221;4.21.0&#8243; _module_preset=&#8221;default&#8221; global_colors_info=&#8221;{}&#8221;][et_pb_text _builder_version=&#8221;4.21.0&#8243; _module_preset=&#8221;default&#8221; text_font=&#8221;Montserrat|600||on|||||&#8221; text_text_color=&#8221;#003e9f&#8221; text_font_size=&#8221;50px&#8221; text_line_height=&#8221;1.5em&#8221; text_orientation=&#8221;center&#8221; text_font_size_tablet=&#8221;40px&#8221; text_font_size_phone=&#8221;30px&#8221; text_font_size_last_edited=&#8221;on|phone&#8221; global_colors_info=&#8221;{}&#8221;]<\/p>\n<p>Gracias por contactarnos<\/p>\n<p>[\/et_pb_text][et_pb_text disabled_on=&#8221;on|on|on&#8221; _builder_version=&#8221;4.21.0&#8243; _module_preset=&#8221;default&#8221; text_font=&#8221;Montserrat|600||on|||||&#8221; text_text_color=&#8221;#003e9f&#8221; text_font_size=&#8221;40px&#8221; text_line_height=&#8221;1.5em&#8221; text_orientation=&#8221;center&#8221; text_font_size_tablet=&#8221;30px&#8221; text_font_size_phone=&#8221;20px&#8221; text_font_size_last_edited=&#8221;on|phone&#8221; disabled=&#8221;on&#8221; global_colors_info=&#8221;{}&#8221;]<\/p>\n<p>Thank you for reaching out to us<\/p>\n<p>[\/et_pb_text][et_pb_text _builder_version=&#8221;4.21.0&#8243; _module_preset=&#8221;default&#8221; text_font=&#8221;Montserrat|500|||||||&#8221; text_text_color=&#8221;#606060&#8243; text_font_size=&#8221;25px&#8221; text_line_height=&#8221;1.5em&#8221; text_orientation=&#8221;center&#8221; text_font_size_tablet=&#8221;20px&#8221; text_font_size_phone=&#8221;16px&#8221; text_font_size_last_edited=&#8221;on|phone&#8221; global_colors_info=&#8221;{}&#8221;]<\/p>\n<p>Nuestro personal de atenci\u00f3n al cliente se pondr\u00e1 en contacto contigo en un m\u00e1ximo de 48 horas. \u00a1Gracias!<\/p>\n<p>[\/et_pb_text][et_pb_text disabled_on=&#8221;on|on|on&#8221; _builder_version=&#8221;4.21.0&#8243; _module_preset=&#8221;default&#8221; text_font=&#8221;Montserrat|500|||||||&#8221; text_text_color=&#8221;#606060&#8243; text_font_size=&#8221;22px&#8221; text_line_height=&#8221;1.5em&#8221; text_orientation=&#8221;center&#8221; text_font_size_tablet=&#8221;16px&#8221; text_font_size_phone=&#8221;14px&#8221; text_font_size_last_edited=&#8221;on|phone&#8221; disabled=&#8221;on&#8221; global_colors_info=&#8221;{}&#8221;]<\/p>\n<p>Our customer service staff will contact you in a maximum of 48 hours. Thank you!<\/p>\n<p>[\/et_pb_text][et_pb_code _builder_version=&#8221;4.21.0&#8243; _module_preset=&#8221;default&#8221; custom_margin=&#8221;0px||0px||true|false&#8221; custom_padding=&#8221;0px||0px||true|false&#8221; global_colors_info=&#8221;{}&#8221;]<\/p>\n<style><!-- [et_pb_line_break_holder] -->  article>header{<!-- [et_pb_line_break_holder] -->    display:none;<!-- [et_pb_line_break_holder] -->  }<!-- [et_pb_line_break_holder] -->  <!-- [et_pb_line_break_holder] --> article .et-l.et-l--post {<!-- [et_pb_line_break_holder] -->        max-width: 100% !important;<!-- [et_pb_line_break_holder] -->    width: 100% !important;<!-- [et_pb_line_break_holder] -->    margin: 0;<!-- [et_pb_line_break_holder] -->  }<!-- [et_pb_line_break_holder] --><\/style>\n<p>[\/et_pb_code][et_pb_button button_url=&#8221;@ET-DC@eyJkeW5hbWljIjp0cnVlLCJjb250ZW50IjoiaG9tZV91cmwiLCJzZXR0aW5ncyI6e319@&#8221; button_text=&#8221;INICIO&#8221; button_alignment=&#8221;center&#8221; module_class=&#8221;custom-button-im28&#8243; _builder_version=&#8221;4.25.1&#8243; _dynamic_attributes=&#8221;button_url&#8221; _module_preset=&#8221;default&#8221; custom_button=&#8221;on&#8221; button_text_color=&#8221;#003e9f&#8221; button_border_color=&#8221;#003e9f&#8221; button_border_radius=&#8221;5px&#8221; button_letter_spacing=&#8221;1px&#8221; button_icon_color=&#8221;#003e9f&#8221; box_shadow_style=&#8221;preset1&#8243; locked=&#8221;off&#8221; global_colors_info=&#8221;{}&#8221;][\/et_pb_button][\/et_pb_column][\/et_pb_row][\/et_pb_section][et_pb_section fb_built=&#8221;1&#8243; _builder_version=&#8221;4.24.2&#8243; _module_preset=&#8221;default&#8221; global_colors_info=&#8221;{}&#8221;][et_pb_row _builder_version=&#8221;4.24.2&#8243; _module_preset=&#8221;default&#8221; locked=&#8221;off&#8221; global_colors_info=&#8221;{}&#8221;][et_pb_column type=&#8221;4_4&#8243; _builder_version=&#8221;4.24.2&#8243; _module_preset=&#8221;default&#8221; global_colors_info=&#8221;{}&#8221;][et_pb_code _builder_version=&#8221;4.24.2&#8243; _module_preset=&#8221;default&#8221; global_colors_info=&#8221;{}&#8221;]<script><!-- [et_pb_line_break_holder] -->  window.onload = function() {<!-- [et_pb_line_break_holder] -->    \/*if(window.location.pathname.split('\/')[1] == 'en'){<!-- [et_pb_line_break_holder] -->      fbq(\"trackCustom\",'evt_form_contact_en');  <!-- [et_pb_line_break_holder] -->      window && window.dataLayer && window.dataLayer.push({<!-- [et_pb_line_break_holder] -->                    event: \"evt_form_contact_en\",<!-- [et_pb_line_break_holder] -->                });<!-- [et_pb_line_break_holder] -->    }else {<!-- [et_pb_line_break_holder] -->      fbq(\"trackCustom\",'evt_form_contact_es');<!-- [et_pb_line_break_holder] -->      window && window.dataLayer && window.dataLayer.push({<!-- [et_pb_line_break_holder] -->                    event: \"evt_form_contact_es\",<!-- [et_pb_line_break_holder] -->                });<!-- [et_pb_line_break_holder] -->    }<!-- [et_pb_line_break_holder] -->} *\/<!-- [et_pb_line_break_holder] --><\/script>[\/et_pb_code][\/et_pb_column][\/et_pb_row][\/et_pb_section]<\/p>\n","protected":false},"excerpt":{"rendered":"<p>Gracias por contactarnos Nuestro personal de atenci\u00f3n al cliente se pondr\u00e1 en contacto contigo en un m\u00e1ximo de 48 horas. \u00a1Gracias!&#8230;<\/p>","protected":false},"author":1,"featured_media":0,"parent":0,"menu_order":0,"comment_status":"closed","ping_status":"closed","template":"","meta":{"_acf_changed":false,"_et_pb_use_builder":"on","_et_pb_old_content":"<!-- wp:divi\/placeholder \/-->","_et_gb_content_width":"","inline_featured_image":false,"_monsterinsights_skip_tracking":false,"_monsterinsights_sitenote_active":false,"_monsterinsights_sitenote_note":"","_monsterinsights_sitenote_category":0,"footnotes":""},"class_list":["post-7166","page","type-page","status-publish","hentry"],"acf":[],"yoast_head":"<!-- This site is optimized with the Yoast SEO plugin v21.8 - https:\/\/yoast.com\/wordpress\/plugins\/seo\/ -->\n<title>Thank you Page IM22 - Imemsa Boats<\/title>\n<meta name=\"robots\" content=\"index, follow, max-snippet:-1, max-image-preview:large, max-video-preview:-1\" \/>\n<link rel=\"canonical\" href=\"https:\/\/boatsforexport.imemsa.com.mx\/en\/thank-you-page-im22\/\" \/>\n<meta property=\"og:locale\" content=\"en_US\" \/>\n<meta property=\"og:type\" content=\"article\" \/>\n<meta property=\"og:title\" content=\"Thank you Page IM22 - Imemsa Boats\" \/>\n<meta property=\"og:description\" content=\"Gracias por contactarnos Nuestro personal de atenci\u00f3n al cliente se pondr\u00e1 en contacto contigo en un m\u00e1ximo de 48 horas. \u00a1Gracias!...\" \/>\n<meta property=\"og:url\" content=\"https:\/\/boatsforexport.imemsa.com.mx\/en\/thank-you-page-im22\/\" \/>\n<meta property=\"og:site_name\" content=\"Imemsa Boats\" \/>\n<meta property=\"article:modified_time\" content=\"2025-02-07T20:11:24+00:00\" \/>\n<meta name=\"twitter:card\" content=\"summary_large_image\" \/>\n<script type=\"application\/ld+json\" class=\"yoast-schema-graph\">{\"@context\":\"https:\/\/schema.org\",\"@graph\":[{\"@type\":\"WebPage\",\"@id\":\"https:\/\/boatsforexport.imemsa.com.mx\/thank-you-page-im22\/\",\"url\":\"https:\/\/boatsforexport.imemsa.com.mx\/thank-you-page-im22\/\",\"name\":\"Thank you Page IM22 - Imemsa Boats\",\"isPartOf\":{\"@id\":\"https:\/\/boatsforexport.imemsa.com.mx\/en\/#website\"},\"datePublished\":\"2024-05-10T05:54:18+00:00\",\"dateModified\":\"2025-02-07T20:11:24+00:00\",\"breadcrumb\":{\"@id\":\"https:\/\/boatsforexport.imemsa.com.mx\/thank-you-page-im22\/#breadcrumb\"},\"inLanguage\":\"en-US\",\"potentialAction\":[{\"@type\":\"ReadAction\",\"target\":[\"https:\/\/boatsforexport.imemsa.com.mx\/thank-you-page-im22\/\"]}]},{\"@type\":\"BreadcrumbList\",\"@id\":\"https:\/\/boatsforexport.imemsa.com.mx\/thank-you-page-im22\/#breadcrumb\",\"itemListElement\":[{\"@type\":\"ListItem\",\"position\":1,\"name\":\"Home\",\"item\":\"https:\/\/boatsforexport.imemsa.com.mx\/\"},{\"@type\":\"ListItem\",\"position\":2,\"name\":\"Thank you Page IM22\"}]},{\"@type\":\"WebSite\",\"@id\":\"https:\/\/boatsforexport.imemsa.com.mx\/en\/#website\",\"url\":\"https:\/\/boatsforexport.imemsa.com.mx\/en\/\",\"name\":\"Imemsa Boats\",\"description\":\"International boats\",\"potentialAction\":[{\"@type\":\"SearchAction\",\"target\":{\"@type\":\"EntryPoint\",\"urlTemplate\":\"https:\/\/boatsforexport.imemsa.com.mx\/en\/?s={search_term_string}\"},\"query-input\":\"required name=search_term_string\"}],\"inLanguage\":\"en-US\"}]}<\/script>\n<!-- \/ Yoast SEO plugin. -->","yoast_head_json":{"title":"Thank you Page IM22 - Imemsa Boats","robots":{"index":"index","follow":"follow","max-snippet":"max-snippet:-1","max-image-preview":"max-image-preview:large","max-video-preview":"max-video-preview:-1"},"canonical":"https:\/\/boatsforexport.imemsa.com.mx\/en\/thank-you-page-im22\/","og_locale":"en_US","og_type":"article","og_title":"Thank you Page IM22 - Imemsa Boats","og_description":"Gracias por contactarnos Nuestro personal de atenci\u00f3n al cliente se pondr\u00e1 en contacto contigo en un m\u00e1ximo de 48 horas. \u00a1Gracias!...","og_url":"https:\/\/boatsforexport.imemsa.com.mx\/en\/thank-you-page-im22\/","og_site_name":"Imemsa Boats","article_modified_time":"2025-02-07T20:11:24+00:00","twitter_card":"summary_large_image","schema":{"@context":"https:\/\/schema.org","@graph":[{"@type":"WebPage","@id":"https:\/\/boatsforexport.imemsa.com.mx\/thank-you-page-im22\/","url":"https:\/\/boatsforexport.imemsa.com.mx\/thank-you-page-im22\/","name":"Thank you Page IM22 - Imemsa Boats","isPartOf":{"@id":"https:\/\/boatsforexport.imemsa.com.mx\/en\/#website"},"datePublished":"2024-05-10T05:54:18+00:00","dateModified":"2025-02-07T20:11:24+00:00","breadcrumb":{"@id":"https:\/\/boatsforexport.imemsa.com.mx\/thank-you-page-im22\/#breadcrumb"},"inLanguage":"en-US","potentialAction":[{"@type":"ReadAction","target":["https:\/\/boatsforexport.imemsa.com.mx\/thank-you-page-im22\/"]}]},{"@type":"BreadcrumbList","@id":"https:\/\/boatsforexport.imemsa.com.mx\/thank-you-page-im22\/#breadcrumb","itemListElement":[{"@type":"ListItem","position":1,"name":"Home","item":"https:\/\/boatsforexport.imemsa.com.mx\/"},{"@type":"ListItem","position":2,"name":"Thank you Page IM22"}]},{"@type":"WebSite","@id":"https:\/\/boatsforexport.imemsa.com.mx\/en\/#website","url":"https:\/\/boatsforexport.imemsa.com.mx\/en\/","name":"Imemsa Boats","description":"International boats","potentialAction":[{"@type":"SearchAction","target":{"@type":"EntryPoint","urlTemplate":"https:\/\/boatsforexport.imemsa.com.mx\/en\/?s={search_term_string}"},"query-input":"required name=search_term_string"}],"inLanguage":"en-US"}]}},"_links":{"self":[{"href":"https:\/\/boatsforexport.imemsa.com.mx\/en\/wp-json\/wp\/v2\/pages\/7166","targetHints":{"allow":["GET"]}}],"collection":[{"href":"https:\/\/boatsforexport.imemsa.com.mx\/en\/wp-json\/wp\/v2\/pages"}],"about":[{"href":"https:\/\/boatsforexport.imemsa.com.mx\/en\/wp-json\/wp\/v2\/types\/page"}],"author":[{"embeddable":true,"href":"https:\/\/boatsforexport.imemsa.com.mx\/en\/wp-json\/wp\/v2\/users\/1"}],"replies":[{"embeddable":true,"href":"https:\/\/boatsforexport.imemsa.com.mx\/en\/wp-json\/wp\/v2\/comments?post=7166"}],"version-history":[{"count":8,"href":"https:\/\/boatsforexport.imemsa.com.mx\/en\/wp-json\/wp\/v2\/pages\/7166\/revisions"}],"predecessor-version":[{"id":8125,"href":"https:\/\/boatsforexport.imemsa.com.mx\/en\/wp-json\/wp\/v2\/pages\/7166\/revisions\/8125"}],"wp:attachment":[{"href":"https:\/\/boatsforexport.imemsa.com.mx\/en\/wp-json\/wp\/v2\/media?parent=7166"}],"curies":[{"name":"wp","href":"https:\/\/api.w.org\/{rel}","templated":true}]}}